{"id":1774,"date":"2016-11-11T05:07:54","date_gmt":"2016-11-11T05:07:54","guid":{"rendered":"https:\/\/themepalacedemo.com\/kids-education\/?page_id=1774"},"modified":"2022-11-18T22:42:57","modified_gmt":"2022-11-18T22:42:57","slug":"about-us","status":"publish","type":"page","link":"https:\/\/ossip.edu.ba\/?page_id=1774","title":{"rendered":"O nama"},"content":{"rendered":"\t\t<div data-elementor-type=\"wp-page\" data-elementor-id=\"1774\" class=\"elementor elementor-1774\">\n\t\t\t\t\t\t<section class=\"elementor-section elementor-top-section elementor-element elementor-element-2109408 elementor-section-boxed elementor-section-height-default elementor-section-height-default\" data-id=\"2109408\" data-element_type=\"section\" data-e-type=\"section\">\n\t\t\t\t\t\t<div class=\"elementor-container elementor-column-gap-default\">\n\t\t\t\t\t<div class=\"elementor-column elementor-col-33 elementor-top-column elementor-element elementor-element-57a1498\" data-id=\"57a1498\" data-element_type=\"column\" data-e-type=\"column\">\n\t\t\t<div class=\"elementor-widget-wrap elementor-element-populated\">\n\t\t\t\t\t\t<div class=\"elementor-element elementor-element-d11b7c6 elementor-widget elementor-widget-image\" data-id=\"d11b7c6\" data-element_type=\"widget\" data-e-type=\"widget\" data-widget_type=\"image.default\">\n\t\t\t\t<div class=\"elementor-widget-container\">\n\t\t\t\t\t\t\t\t\t\t\t\t\t\t\t<img decoding=\"async\" width=\"125\" height=\"125\" src=\"https:\/\/ossip.edu.ba\/wp-content\/uploads\/2021\/11\/cropped-Logo125x125.png\" class=\"attachment-large size-large wp-image-1979\" alt=\"\" \/>\t\t\t\t\t\t\t\t\t\t\t\t\t\t\t<\/div>\n\t\t\t\t<\/div>\n\t\t\t\t\t<\/div>\n\t\t<\/div>\n\t\t\t\t<div class=\"elementor-column elementor-col-66 elementor-top-column elementor-element elementor-element-b3e2318\" data-id=\"b3e2318\" data-element_type=\"column\" data-e-type=\"column\">\n\t\t\t<div class=\"elementor-widget-wrap elementor-element-populated\">\n\t\t\t\t\t\t<div class=\"elementor-element elementor-element-832ba5e elementor-widget elementor-widget-text-editor\" data-id=\"832ba5e\" data-element_type=\"widget\" data-e-type=\"widget\" data-widget_type=\"text-editor.default\">\n\t\t\t\t<div class=\"elementor-widget-container\">\n\t\t\t\t\t\t\t\t\t<p>O\u0160 \u201e\u0160IP\u201c je 20. oktobra upisana u registar osnovnih \u0161kola koje vodi Ministarstvo za odgoj i obrazovanje.&nbsp;<\/p>\n<p>\u0160kolsko zvono se oglasilo prvi put 01.11.2021. godine i nastava je zapo\u010dela za 90 u\u010denika.<\/p>\n<p>Djeca \u0107e imati priliku da se obrazuju u najsavremenijim u\u010dionicama i&nbsp; kabinetima za egzaktne nauke.&nbsp;<\/p><p>Osamnaest svijetlih u\u010dionica sa izlazom na terase kao vanjske u\u010dionice, kabineti za nauku i umjetnost, biblioteka sa \u010ditaonicom i velika sportska sala, zami\u0161ljene su i izvedene idejom otvorenosti i pristupa\u010dnosti te predstavljaju idealno arhitektonsko rje\u0161enje.&nbsp;<\/p><p>\u0160kola ima sav sadr\u017eaj potreban za kvalitetan obrazovni proces.&nbsp;<\/p><p>Za dobre uslove treba vam dobar prosvjetni radnik, motiviran u\u010denik, siguran i topao ambijent.&nbsp;<span style=\"font-family: var( --e-global-typography-text-font-family ), Sans-serif; font-weight: var( --e-global-typography-text-font-weight ); font-size: 1rem;\">To \u0107e ova \u0161kola imati.<\/span><\/p>\t\t\t\t\t\t\t\t<\/div>\n\t\t\t\t<\/div>\n\t\t\t\t\t<\/div>\n\t\t<\/div>\n\t\t\t\t\t<\/div>\n\t\t<\/section>\n\t\t\t\t<\/div>\n\t\t","protected":false},"excerpt":{"rendered":"<p>O\u0160 \u201e\u0160IP\u201c je 20. oktobra upisana u registar osnovnih \u0161kola koje vodi Ministarstvo za odgoj i obrazovanje.&nbsp; \u0160kolsko zvono se oglasilo prvi put 01.11.2021. godine i nastava je zapo\u010dela za 90 u\u010denika. Djeca \u0107e imati priliku da se obrazuju u najsavremenijim u\u010dionicama i&nbsp; kabinetima za egzaktne nauke.&nbsp; Osamnaest svijetlih u\u010dionica sa izlazom na terase kao [&hellip;]<\/p>\n","protected":false},"author":1,"featured_media":2015,"parent":0,"menu_order":0,"comment_status":"closed","ping_status":"closed","template":"","meta":{"footnotes":""},"class_list":["post-1774","page","type-page","status-publish","has-post-thumbnail","hentry"],"_links":{"self":[{"href":"https:\/\/ossip.edu.ba\/index.php?rest_route=\/wp\/v2\/pages\/1774","targetHints":{"allow":["GET"]}}],"collection":[{"href":"https:\/\/ossip.edu.ba\/index.php?rest_route=\/wp\/v2\/pages"}],"about":[{"href":"https:\/\/ossip.edu.ba\/index.php?rest_route=\/wp\/v2\/types\/page"}],"author":[{"embeddable":true,"href":"https:\/\/ossip.edu.ba\/index.php?rest_route=\/wp\/v2\/users\/1"}],"replies":[{"embeddable":true,"href":"https:\/\/ossip.edu.ba\/index.php?rest_route=%2Fwp%2Fv2%2Fcomments&post=1774"}],"version-history":[{"count":17,"href":"https:\/\/ossip.edu.ba\/index.php?rest_route=\/wp\/v2\/pages\/1774\/revisions"}],"predecessor-version":[{"id":2705,"href":"https:\/\/ossip.edu.ba\/index.php?rest_route=\/wp\/v2\/pages\/1774\/revisions\/2705"}],"wp:featuredmedia":[{"embeddable":true,"href":"https:\/\/ossip.edu.ba\/index.php?rest_route=\/wp\/v2\/media\/2015"}],"wp:attachment":[{"href":"https:\/\/ossip.edu.ba\/index.php?rest_route=%2Fwp%2Fv2%2Fmedia&parent=1774"}],"curies":[{"name":"wp","href":"https:\/\/api.w.org\/{rel}","templated":true}]}}