{"id":2809,"date":"2023-03-13T09:31:30","date_gmt":"2023-03-13T09:31:30","guid":{"rendered":"http:\/\/ossip.edu.ba\/?page_id=2809"},"modified":"2026-04-24T09:40:09","modified_gmt":"2026-04-24T09:40:09","slug":"zakoni-i-propisi","status":"publish","type":"page","link":"https:\/\/ossip.edu.ba\/?page_id=2809","title":{"rendered":"Pravilnici"},"content":{"rendered":"\t\t<div data-elementor-type=\"wp-page\" data-elementor-id=\"2809\" class=\"elementor elementor-2809\">\n\t\t\t\t\t\t<section class=\"elementor-section elementor-top-section elementor-element elementor-element-f49bd93 elementor-section-boxed elementor-section-height-default elementor-section-height-default\" data-id=\"f49bd93\" data-element_type=\"section\" data-e-type=\"section\">\n\t\t\t\t\t\t<div class=\"elementor-container elementor-column-gap-default\">\n\t\t\t\t\t<div class=\"elementor-column elementor-col-100 elementor-top-column elementor-element elementor-element-1d6d1dc\" data-id=\"1d6d1dc\" data-element_type=\"column\" data-e-type=\"column\">\n\t\t\t<div class=\"elementor-widget-wrap\">\n\t\t\t\t\t\t\t<\/div>\n\t\t<\/div>\n\t\t\t\t\t<\/div>\n\t\t<\/section>\n\t\t\t\t<section class=\"elementor-section elementor-top-section elementor-element elementor-element-6aa9834 elementor-section-boxed elementor-section-height-default elementor-section-height-default\" data-id=\"6aa9834\" data-element_type=\"section\" data-e-type=\"section\">\n\t\t\t\t\t\t<div class=\"elementor-container elementor-column-gap-default\">\n\t\t\t\t\t<div class=\"elementor-column elementor-col-100 elementor-top-column elementor-element elementor-element-1e053af\" data-id=\"1e053af\" data-element_type=\"column\" data-e-type=\"column\">\n\t\t\t<div class=\"elementor-widget-wrap elementor-element-populated\">\n\t\t\t\t\t\t<section class=\"elementor-section elementor-inner-section elementor-element elementor-element-6887a54 elementor-section-boxed elementor-section-height-default elementor-section-height-default\" data-id=\"6887a54\" data-element_type=\"section\" data-e-type=\"section\">\n\t\t\t\t\t\t<div class=\"elementor-container elementor-column-gap-default\">\n\t\t\t\t\t<div class=\"elementor-column elementor-col-50 elementor-inner-column elementor-element elementor-element-db63a0c\" data-id=\"db63a0c\" data-element_type=\"column\" data-e-type=\"column\">\n\t\t\t<div class=\"elementor-widget-wrap\">\n\t\t\t\t\t\t\t<\/div>\n\t\t<\/div>\n\t\t\t\t<div class=\"elementor-column elementor-col-50 elementor-inner-column elementor-element elementor-element-0bed7f2\" data-id=\"0bed7f2\" data-element_type=\"column\" data-e-type=\"column\">\n\t\t\t<div class=\"elementor-widget-wrap\">\n\t\t\t\t\t\t\t<\/div>\n\t\t<\/div>\n\t\t\t\t\t<\/div>\n\t\t<\/section>\n\t\t\t\t<div class=\"elementor-element elementor-element-5ef8b3d elementor-widget elementor-widget-html\" data-id=\"5ef8b3d\" data-element_type=\"widget\" data-e-type=\"widget\" data-widget_type=\"html.default\">\n\t\t\t\t<div class=\"elementor-widget-container\">\n\t\t\t\t\t<!DOCTYPE html>\n<html>\n<head>\n<style>\ntable, th, td {\nborder: 1px solid black;\nborder-collapse: collapse;\n}\n<\/style>\n<\/head>\n<body>\n\n<h2>Pravilnici, propisi i dokumenti \u0161kole<\/h2>\n\n<table style=\"width:100%\">\n<tr>\n<th><b>NAZIV<\/b><\/th>\n<th><b>PRILOG<\/b><\/th>\n<\/tr>\n\n<tr>\n<td>Pravila \u0161kole <\/td>\n<td>\n<a href=\"http:\/\/ossip.edu.ba\/wp-content\/uploads\/2026\/04\/Pravila-skole-25.pdf\">Pogledaj<\/a>\n\n<\/td>\n<\/tr>\n<tr>\n<td>Eti\u010dki kodeksi pona\u0161anja prilikom realizacije odgojno-obrazovnog rada<\/td>\n<td>\n<a href=\"http:\/\/ossip.edu.ba\/wp-content\/uploads\/2026\/04\/Eticki-kodeks-ponasanja-prilikom-realizacije-odgojno-obrazovnog-rad.docx\">Pogledaj<\/a>\n\n<\/td>\n<\/tr>\n<tr>\n<td>Godi\u0161nji program rada JU O\u0160 \"\u0160IP\" Sarajevo<\/td>\n<td>\n<a href=\"http:\/\/ossip.edu.ba\/wp-content\/uploads\/2026\/04\/2025-2026.-GODISNJI-PROGRAM-RADA-JU-OS-SIP-Sarajevo.pdf\">Pogledaj<\/a>\n\n<\/td>\n<\/tr>\n<tr>\n<td>Plan integriteta 2025<\/td>\n<td>\n<a href=\"http:\/\/ossip.edu.ba\/wp-content\/uploads\/2026\/04\/Plan-integriteta-2025-1.pdf\">Pogledaj<\/a>\n\n<\/td>\n<\/tr>\n<tr>\n<td>Pravilnik o unutra\u0161njoj organizaciji i sistematizaciji radnih mjesta Javne ustanove Osnovne \u0161kole \u201e\u0160IP\u201c Sarajevo<\/td>\n<td>\n<a href=\"http:\/\/ossip.edu.ba\/wp-content\/uploads\/2026\/03\/sistematizacija-2026-1.doc\">Pogledaj<\/a>\n\n<\/td>\n<\/tr>\n\n<tr>\n<td>Pravilnik o radu JU O\u0160 \"\u0160IP\" Sarajevo<\/td>\n<td>\n<a href=\"http:\/\/ossip.edu.ba\/wp-content\/uploads\/2023\/03\/PRAVILNIK-O-RADU-SIP-USVOJENI.docx\">Preuzmi<\/a>\n\n<\/td>\n<\/tr>\n\n<tr>\n<td>Odluka o usvajanju Plana integriteta<\/td>\n<td>\n<a href=\"http:\/\/ossip.edu.ba\/wp-content\/uploads\/2022\/12\/Odluka-o-usvajanju-Plana-integriteta-1.pdf\">Preuzmi<\/a>\n<\/td>\n<\/tr>\n\n<tr>\n<td>Plan integriteta<\/td>\n<td>\n<a href=\"http:\/\/ossip.edu.ba\/wp-content\/uploads\/2023\/05\/Plan-integriteta-skeniran.pdf\">Preuzmi<\/a>  \n<\/td>\n<\/tr>\n\n<tr>\n<td>Pravilnik o internom prijavljivanju korupcije<\/td>\n<td>\n<a href=\"http:\/\/ossip.edu.ba\/wp-content\/uploads\/2023\/03\/PRAVILNIK-KORUPCIJA.docx\">Preuzmi<\/a>\n<\/td>\n<\/tr>\n\n<tr>\n<td>Pravilnik o javnim nabavkama<\/td>\n<td>\n<a href=\"http:\/\/ossip.edu.ba\/wp-content\/uploads\/2023\/03\/Pravilnik-o-javnim-nabavkama.doc\">Preuzmi<\/a>  \n<\/td>\n<\/tr>\n\n<tr>\n<td>Protokol o saradnji<\/td>\n<td>\n<a href=\"http:\/\/ossip.edu.ba\/wp-content\/uploads\/2023\/03\/Protokol-o-saradnji.docx\">Preuzmi<\/a>\n<\/td>\n<\/tr>\n\n<tr>\n<td>Pravilnik o koris\u030ctenju video nadzora<\/td>\n<td>\n<a href=\"http:\/\/ossip.edu.ba\/wp-content\/uploads\/2023\/03\/Pravilnik-o-koristenju-video-nadzora.docx\">Preuzmi<\/a>\n<\/td>\n<\/tr>\n\n<tr>\n<td>Pravilnik o radu s\u030ckolske biblioteke<\/td>\n<td>\n<a href=\"http:\/\/ossip.edu.ba\/wp-content\/uploads\/2023\/03\/Pravilnik-o-radu-skolske-biblioteke.docx\">Preuzmi<\/a>\n<\/td>\n<\/tr>\n\n<tr>\n<td>Izvedbeni plan planinarenje<\/td>\n<td>\n<a href=\"http:\/\/ossip.edu.ba\/wp-content\/uploads\/2023\/03\/Izvedbeni-plan-planinarenje.doc\">Preuzmi<\/a>\n<\/td>\n<\/tr>\n\n<tr>\n<td>Izvedbeni plan skijanje<\/td>\n<td>\n<a href=\"http:\/\/ossip.edu.ba\/wp-content\/uploads\/2023\/03\/Izvedbeni-plan-skijanje.docx\">Preuzmi<\/a>\n<\/td>\n<\/tr>\n\n<tr>\n<td>Etic\u030cki kodeks<\/td>\n<td>\n<a href=\"http:\/\/ossip.edu.ba\/wp-content\/uploads\/2023\/03\/Eticki-kodeks.docx\">Preuzmi<\/a>\n<\/td>\n<\/tr>\n\n<tr>\n<td>Prijedlog plan sigurnosti li\u010dnih podataka<\/td>\n<td>\n<a href=\"http:\/\/ossip.edu.ba\/wp-content\/uploads\/2023\/03\/Prijedlog-plan-sigurnosti-licnih-podataka.docx\">Preuzmi<\/a>\n<\/td>\n<\/tr>\n\n<tr>\n<td>Prijedlog Pravilnika o kuc\u0301nom redu<\/td>\n<td>\n<a href=\"http:\/\/ossip.edu.ba\/wp-content\/uploads\/2023\/03\/Prijedlog-Pravilnika-o-kucnom-redu.docx\">Preuzmi<\/a>\n<\/td>\n<\/tr>\n\n<tr>\n<td>Prijedlog Pravilnika o zas\u030ctiti od poz\u030cara<\/td>\n<td>\n<a href=\"http:\/\/ossip.edu.ba\/wp-content\/uploads\/2023\/03\/Prijedlog-Pravilnika-o-zastiti-od-pozara.docx\">Preuzmi<\/a>\n<\/td>\n<\/tr>\n\n<tr>\n<td>Protokol o postupanju s\u030ckole u situacijama nasilja<\/td>\n<td>\n<a href=\"https:\/\/ossip-my.sharepoint.com\/:b:\/g\/personal\/aida_alic_ossip_edu_ba\/EdnV-ILrxfJNgzzv7NzgH9QBU3bLV-NwRCK8I4ryBSty7g?e=OKm4AC\">Pogledaj<\/a>\n<\/td>\n<\/tr>\n<tr>\n<td>GPR \u0161kole 2023-2024<\/td>\n<td>\n<a href=\"https:\/\/ossip-my.sharepoint.com\/:b:\/g\/personal\/aida_alic_ossip_edu_ba\/EZp5whqaTtBDkGlvx3ovRQwBapbu_ZlD_HLENbqieT8l-w?e=bJW8Ke\">Pogledaj<\/a>\n<\/td>\n<\/tr>\n<tr>\n<td>Izmjene pravilnika o stru\u010dnoj pomo\u0107i i tretmanu<\/td>\n<td>\n<a href=\"https:\/\/ossip-my.sharepoint.com\/:b:\/g\/personal\/aida_alic_ossip_edu_ba\/EYgJ1hbz5uhAtSWsviIZ4zABtshCuysg42dl8KdkOkTBNA?e=zJayTG\">Pogledaj<\/a>\n<\/td>\n<\/tr>\n<tr>\n<td>Izmjene Pravilnika o vo\u0111enju evidencije o neprihvatljivim oblicima pona\u0161anja<\/td>\n<td>\n<a href=\"https:\/\/ossip-my.sharepoint.com\/:b:\/g\/personal\/aida_alic_ossip_edu_ba\/EW_dpQsQkYxNi1wG_GPUK-4BFQMRAuGb2zj8hnKsYr0oMA?e=bBEdew\">Pogledaj<\/a>\n<\/td>\n<\/tr>\n\n<tr>\n<td>Pravilnik o na\u010dinu i obliku provo\u0111enja odgojno-obrazovne podr\u0161ke i stru\u010dnog tretmana<\/td>\n<td>\n<a href=\"https:\/\/ossip-my.sharepoint.com\/:b:\/g\/personal\/aida_alic_ossip_edu_ba\/EdRFETx2ZbVApax5pjQVrPgBdaywlBBsX8RDBzaaZMij4w?e=jc1bEb\">Pogledaj<\/a>\n<\/td>\n<\/tr>\n<tr>\n<td>Pravilnik o vo\u0111enju evidencije o neprihvatljivim oblicima pona\u0161anja<\/td>\n<td>\n<a href=\"https:\/\/ossip-my.sharepoint.com\/:b:\/g\/personal\/aida_alic_ossip_edu_ba\/EffYU6B-PJZEtLEJuIsoRNABIT838DTkR8majJy0LqqShw?e=iFTHZI\">Pogledaj<\/a>\n<\/td>\n<\/tr>\n\n<\/table>\n\n<\/body>\n<\/html>\n\n\n\n\t\t\t\t<\/div>\n\t\t\t\t<\/div>\n\t\t\t\t\t<\/div>\n\t\t<\/div>\n\t\t\t\t\t<\/div>\n\t\t<\/section>\n\t\t\t\t<\/div>\n\t\t","protected":false},"excerpt":{"rendered":"<p>Pravilnici, propisi i dokumenti \u0161kole NAZIV PRILOG Pravila \u0161kole Pogledaj Eti\u010dki kodeksi pona\u0161anja prilikom realizacije odgojno-obrazovnog rada Pogledaj Godi\u0161nji program rada JU O\u0160 &#8220;\u0160IP&#8221; Sarajevo Pogledaj Plan integriteta 2025 Pogledaj Pravilnik o unutra\u0161njoj organizaciji i sistematizaciji radnih mjesta Javne ustanove Osnovne \u0161kole \u201e\u0160IP\u201c Sarajevo Pogledaj Pravilnik o radu JU O\u0160 &#8220;\u0160IP&#8221; Sarajevo Preuzmi Odluka o [&hellip;]<\/p>\n","protected":false},"author":1,"featured_media":0,"parent":0,"menu_order":0,"comment_status":"closed","ping_status":"closed","template":"","meta":{"footnotes":""},"class_list":["post-2809","page","type-page","status-publish","hentry"],"_links":{"self":[{"href":"https:\/\/ossip.edu.ba\/index.php?rest_route=\/wp\/v2\/pages\/2809","targetHints":{"allow":["GET"]}}],"collection":[{"href":"https:\/\/ossip.edu.ba\/index.php?rest_route=\/wp\/v2\/pages"}],"about":[{"href":"https:\/\/ossip.edu.ba\/index.php?rest_route=\/wp\/v2\/types\/page"}],"author":[{"embeddable":true,"href":"https:\/\/ossip.edu.ba\/index.php?rest_route=\/wp\/v2\/users\/1"}],"replies":[{"embeddable":true,"href":"https:\/\/ossip.edu.ba\/index.php?rest_route=%2Fwp%2Fv2%2Fcomments&post=2809"}],"version-history":[{"count":164,"href":"https:\/\/ossip.edu.ba\/index.php?rest_route=\/wp\/v2\/pages\/2809\/revisions"}],"predecessor-version":[{"id":3978,"href":"https:\/\/ossip.edu.ba\/index.php?rest_route=\/wp\/v2\/pages\/2809\/revisions\/3978"}],"wp:attachment":[{"href":"https:\/\/ossip.edu.ba\/index.php?rest_route=%2Fwp%2Fv2%2Fmedia&parent=2809"}],"curies":[{"name":"wp","href":"https:\/\/api.w.org\/{rel}","templated":true}]}}