{"id":3234,"date":"2023-12-17T15:58:46","date_gmt":"2023-12-17T15:58:46","guid":{"rendered":"https:\/\/ossip.edu.ba\/?page_id=3234"},"modified":"2025-02-25T18:45:40","modified_gmt":"2025-02-25T18:45:40","slug":"izvjestaji-javnih-nabavki","status":"publish","type":"page","link":"https:\/\/ossip.edu.ba\/?page_id=3234","title":{"rendered":"Izvje\u0161taji javnih nabavki"},"content":{"rendered":"<p><!DOCTYPE html><br \/>\n<html><br \/>\n<head><\/p>\n<style>\ntable, th, td {\nborder: 1px solid black;\nborder-collapse: collapse;\n}\n<\/style>\n<p><\/head><br \/>\n<body><\/p>\n<h2>Javne nabavke &#8211; izvje\u0161taj<\/h2>\n<table style=\"width:100%\">\n<tr>\n<th><b>NAZIV<\/b><\/th>\n<th><b>PRILOG<\/b><\/th>\n<\/tr>\n<td>Odluka o poni\u0161tenju postupka javne nabavke<\/td>\n<td>\n<a href=\"https:\/\/ossip-my.sharepoint.com\/:b:\/g\/personal\/aida_alic_ossip_edu_ba\/EWSNsQzWgGNCrqPq4fI3RjABck6fD5jKxCwNaLOoyC3lDg?e=91ldlc\">Pogledaj<\/a>\n<\/td>\n<\/tr>\n<td>Odluka o izboru najpovoljnijeg ponu\u0111a\u010da nabavka gasa<\/td>\n<td>\n<a href=\"https:\/\/ossip-my.sharepoint.com\/:b:\/g\/personal\/aida_alic_ossip_edu_ba\/Ee9KICMj475LoXOcUGeT2XYBThJ2We-AMaCcVR4lx0LCew?e=ZETnAn\">Pogledaj<\/a>\n<\/td>\n<\/tr>\n<td>Odluka o izboru najpovoljnijeg ponu\u0111a\u010da za hranu u Produ\u017eenom boravku<\/td>\n<td>\n<a href=\"https:\/\/ossip-my.sharepoint.com\/:b:\/g\/personal\/aida_alic_ossip_edu_ba\/ETRInLv9MEBFnltUE2FwoNwBxzL5Cr01HKjBQ2M9yBMKnA?e=eyofE5\">Pogledaj<\/a>\n<\/td>\n<\/tr>\n<td>Odluka o izboru najpovoljnijeg ponu\u0111a\u010da za nabavku ud\u017ebenika <\/td>\n<td>\n<a href=\"https:\/\/ossip-my.sharepoint.com\/:b:\/g\/personal\/aida_alic_ossip_edu_ba\/EZWzktvzG-RLm-NH7Q_hZp8BFVUUlJStD9bWWc3p0KOQVQ?e=MytQIs\">Pogledaj<\/a>\n<\/td>\n<\/tr>\n<td>Odluka o izboru najpovoljnijeg ponu\u0111a\u010da za nabavku ud\u017ebenika LOT1<\/td>\n<td>\n<a href=\"https:\/\/ossip-my.sharepoint.com\/:b:\/g\/personal\/aida_alic_ossip_edu_ba\/ETgQp96VFR5BkzlpFd0w7zsBBKDRbs6aSgMXP8881UteMg?e=AVr9vt\">Pogledaj<\/a>\n<\/td>\n<\/tr>\n<td>Odluka o izboru najpovoljnijeg ponu\u0111a\u010da za nabavku ud\u017ebenika LOT2<\/td>\n<td>\n<a href=\"https:\/\/ossip-my.sharepoint.com\/:b:\/g\/personal\/aida_alic_ossip_edu_ba\/EZwu7g1I-NFNjq-9Gxr7VjEBTAD3UWgbQ2WRlKgAZNve3A?e=YFBypY\">Pogledaj<\/a>\n<\/td>\n<\/tr>\n<td>Odluka o izboru najpovoljnijeg ponu\u0111a\u010da za nabavku ud\u017ebenika LOT3<\/td>\n<td>\n<a href=\"https:\/\/ossip-my.sharepoint.com\/:b:\/g\/personal\/aida_alic_ossip_edu_ba\/EfSdCeNqbXZBmA6--Xatt_kBAo1X0EiVfvt7Xt7G3hOxiA?e=wTkMIp\">Pogledaj<\/a>\n<\/td>\n<\/tr>\n<td>Odluka o izboru najpovoljnijeg ponu\u0111a\u010da za nabavku ud\u017ebenika LOT4<\/td>\n<td>\n<a href=\"https:\/\/ossip-my.sharepoint.com\/:b:\/g\/personal\/aida_alic_ossip_edu_ba\/EVxffrDBToZNojrT1TeRH_cBYDCkkTrnggW06SbzPjwOBQ?e=t3wl0S\">Pogledaj<\/a>\n<\/td>\n<\/tr>\n<td>Odluka o izboru najpovoljnijeg ponu\u0111a\u010da za nabavku ud\u017ebenika LOT5<\/td>\n<td>\n<a href=\"https:\/\/ossip-my.sharepoint.com\/:b:\/g\/personal\/aida_alic_ossip_edu_ba\/EeWi97L_hkZGgXdkqL7H0RkBZZ0qA79JsbsypXFONkbihw?e=lx2sh9\">Pogledaj<\/a>\n<\/td>\n<\/tr>\n<td>Odluka o izboru najpovoljnijeg ponu\u0111a\u010da za nabavku ud\u017ebenika LOT6<\/td>\n<td>\n<a href=\"https:\/\/ossip-my.sharepoint.com\/:b:\/g\/personal\/aida_alic_ossip_edu_ba\/Eb2SAPXZG8ZAqg1LeOYgyZ0Bxa3gFxBXykYAUJiDWw5aZw?e=ryrDgw\">Pogledaj<\/a>\n<\/td>\n<\/tr>\n<td>Odluka o izboru najpovoljnijeg ponu\u0111a\u010da za nabavku ud\u017ebenika LOT8<\/td>\n<td>\n<a href=\"https:\/\/ossip-my.sharepoint.com\/:b:\/g\/personal\/aida_alic_ossip_edu_ba\/ETYQDCuAySJPuxYaIgrFpM4B_IlnSD28_svQ32pKQiGHLw?e=kbk3qY\">Pogledaj<\/a>\n<\/td>\n<\/tr>\n<td>Odluka o izboru najpovoljnijeg ponu\u0111a\u010da za nabavku ud\u017ebenika LOT9<\/td>\n<td>\n<a href=\"https:\/\/ossip-my.sharepoint.com\/:b:\/g\/personal\/aida_alic_ossip_edu_ba\/EZ8y-FaLH2tDjp6zIOXjqC8B3BgmI31PaHTPPz6uH283bg?e=HIJaNl\">Pogledaj<\/a>\n<\/td>\n<\/tr>\n<td>Odluka o izboru najpovoljnijeg ponu\u0111a\u010da za nabavku ud\u017ebenika LOT10<\/td>\n<td>\n<a href=\"https:\/\/ossip-my.sharepoint.com\/:b:\/g\/personal\/aida_alic_ossip_edu_ba\/EfD2XfmsLdhEqzND4BDTaIIBiA6EzOFgXHrZizDFNmAydA?e=NChKXr\">Pogledaj<\/a>\n<\/td>\n<\/tr>\n<td>Odluka o izboru najpovoljnijeg ponu\u0111a\u010da za nabavku ud\u017ebenika LOT11<\/td>\n<td>\n<a href=\"https:\/\/ossip-my.sharepoint.com\/:b:\/g\/personal\/aida_alic_ossip_edu_ba\/EQOI-wOFF0NFlkpkAOqbhpwB8M28oVq_KYOPCDyWR8-ptQ?e=Ikh6UA\">Pogledaj<\/a>\n<\/td>\n<\/tr>\n<td>Odluka ponistenje postupka JN  el energije<\/td>\n<td>\n<a href=\"https:\/\/ossip-my.sharepoint.com\/:b:\/g\/personal\/aida_alic_ossip_edu_ba\/Ee131X-sl51KnqkrpCgIzEMBSxd4uKitUbuNGCunIM5VlA?e=5KIsB4\">Pogledaj<\/a>\n<\/td>\n<\/tr>\n<\/table>\n<p><\/body><br \/>\n<\/html><\/p>\n","protected":false},"excerpt":{"rendered":"<p>Javne nabavke &#8211; izvje\u0161taj NAZIV PRILOG Odluka o poni\u0161tenju postupka javne nabavke Pogledaj Odluka o izboru najpovoljnijeg ponu\u0111a\u010da nabavka gasa Pogledaj Odluka o izboru najpovoljnijeg ponu\u0111a\u010da za hranu u Produ\u017eenom boravku Pogledaj Odluka o izboru najpovoljnijeg ponu\u0111a\u010da za nabavku ud\u017ebenika Pogledaj Odluka o izboru najpovoljnijeg ponu\u0111a\u010da za nabavku ud\u017ebenika LOT1 Pogledaj Odluka o izboru najpovoljnijeg [&hellip;]<\/p>\n","protected":false},"author":1,"featured_media":0,"parent":0,"menu_order":0,"comment_status":"closed","ping_status":"closed","template":"","meta":{"footnotes":""},"class_list":["post-3234","page","type-page","status-publish","hentry"],"_links":{"self":[{"href":"https:\/\/ossip.edu.ba\/index.php?rest_route=\/wp\/v2\/pages\/3234","targetHints":{"allow":["GET"]}}],"collection":[{"href":"https:\/\/ossip.edu.ba\/index.php?rest_route=\/wp\/v2\/pages"}],"about":[{"href":"https:\/\/ossip.edu.ba\/index.php?rest_route=\/wp\/v2\/types\/page"}],"author":[{"embeddable":true,"href":"https:\/\/ossip.edu.ba\/index.php?rest_route=\/wp\/v2\/users\/1"}],"replies":[{"embeddable":true,"href":"https:\/\/ossip.edu.ba\/index.php?rest_route=%2Fwp%2Fv2%2Fcomments&post=3234"}],"version-history":[{"count":8,"href":"https:\/\/ossip.edu.ba\/index.php?rest_route=\/wp\/v2\/pages\/3234\/revisions"}],"predecessor-version":[{"id":3704,"href":"https:\/\/ossip.edu.ba\/index.php?rest_route=\/wp\/v2\/pages\/3234\/revisions\/3704"}],"wp:attachment":[{"href":"https:\/\/ossip.edu.ba\/index.php?rest_route=%2Fwp%2Fv2%2Fmedia&parent=3234"}],"curies":[{"name":"wp","href":"https:\/\/api.w.org\/{rel}","templated":true}]}}