{"id":3442,"date":"2024-11-11T11:51:41","date_gmt":"2024-11-11T11:51:41","guid":{"rendered":"https:\/\/ossip.edu.ba\/?page_id=3442"},"modified":"2025-06-05T07:54:38","modified_gmt":"2025-06-05T07:54:38","slug":"biblioteka-2","status":"publish","type":"page","link":"https:\/\/ossip.edu.ba\/?page_id=3442","title":{"rendered":"Biblioteka"},"content":{"rendered":"\t\t<div data-elementor-type=\"wp-page\" data-elementor-id=\"3442\" class=\"elementor elementor-3442\">\n\t\t\t\t\t\t<section class=\"elementor-section elementor-top-section elementor-element elementor-element-cb6ebad elementor-section-boxed elementor-section-height-default elementor-section-height-default\" data-id=\"cb6ebad\" data-element_type=\"section\" data-e-type=\"section\">\n\t\t\t\t\t\t<div class=\"elementor-container elementor-column-gap-default\">\n\t\t\t\t\t<div class=\"elementor-column elementor-col-100 elementor-top-column elementor-element elementor-element-2ae51b7\" data-id=\"2ae51b7\" data-element_type=\"column\" data-e-type=\"column\">\n\t\t\t<div class=\"elementor-widget-wrap elementor-element-populated\">\n\t\t\t\t\t\t<div class=\"elementor-element elementor-element-071778c elementor-widget elementor-widget-heading\" data-id=\"071778c\" data-element_type=\"widget\" data-e-type=\"widget\" data-widget_type=\"heading.default\">\n\t\t\t\t<div class=\"elementor-widget-container\">\n\t\t\t\t\t<h2 class=\"elementor-heading-title elementor-size-default\">\"Biblioteke su mostovi koji nas vode u nove svjetove.\"<\/h2>\t\t\t\t<\/div>\n\t\t\t\t<\/div>\n\t\t\t\t\t<\/div>\n\t\t<\/div>\n\t\t\t\t\t<\/div>\n\t\t<\/section>\n\t\t\t\t<section class=\"elementor-section elementor-top-section elementor-element elementor-element-1d83b0b elementor-section-boxed elementor-section-height-default elementor-section-height-default\" data-id=\"1d83b0b\" data-element_type=\"section\" data-e-type=\"section\">\n\t\t\t\t\t\t<div class=\"elementor-container elementor-column-gap-default\">\n\t\t\t\t\t<div class=\"elementor-column elementor-col-100 elementor-top-column elementor-element elementor-element-27dbdcf\" data-id=\"27dbdcf\" data-element_type=\"column\" data-e-type=\"column\">\n\t\t\t<div class=\"elementor-widget-wrap elementor-element-populated\">\n\t\t\t\t\t\t<div class=\"elementor-element elementor-element-136e8fc elementor-widget elementor-widget-text-editor\" data-id=\"136e8fc\" data-element_type=\"widget\" data-e-type=\"widget\" data-widget_type=\"text-editor.default\">\n\t\t\t\t<div class=\"elementor-widget-container\">\n\t\t\t\t\t\t\t\t\t<p>Prema IFLA-i (<em>International Federation of Library Associations and Instructions<\/em>) \u0161kolska biblioteka je specijalizovana biblioteka koja podr\u017eava obrazovni proces, pru\u017eaju\u0107i u\u010denicima, nastavnicima i svim korisnicima pristup informacijama, resursima i literaturi potrebnoj za u\u010denje, istra\u017eivanje i razvoj vje\u0161tina. \u0160kolska biblioteka igra klju\u010dnu ulogu u podsticanju \u010ditala\u010dkih vje\u0161tina, intelektualne radoznalosti i sposobnosti za efikasno kori\u0161tenje informacija.<\/p>\t\t\t\t\t\t\t\t<\/div>\n\t\t\t\t<\/div>\n\t\t\t\t\t<\/div>\n\t\t<\/div>\n\t\t\t\t\t<\/div>\n\t\t<\/section>\n\t\t\t\t<section class=\"elementor-section elementor-top-section elementor-element elementor-element-74f9160 elementor-section-boxed elementor-section-height-default elementor-section-height-default\" data-id=\"74f9160\" data-element_type=\"section\" data-e-type=\"section\">\n\t\t\t\t\t\t<div class=\"elementor-container elementor-column-gap-default\">\n\t\t\t\t\t<div class=\"elementor-column elementor-col-50 elementor-top-column elementor-element elementor-element-e643d9d\" data-id=\"e643d9d\" data-element_type=\"column\" data-e-type=\"column\">\n\t\t\t<div class=\"elementor-widget-wrap elementor-element-populated\">\n\t\t\t\t\t\t<div class=\"elementor-element elementor-element-b4b230e elementor-widget elementor-widget-text-editor\" data-id=\"b4b230e\" data-element_type=\"widget\" data-e-type=\"widget\" data-widget_type=\"text-editor.default\">\n\t\t\t\t<div class=\"elementor-widget-container\">\n\t\t\t\t\t\t\t\t\t<p>Na\u0161a biblioteka je po\u010dela sa radom odmah nakon osnivanja \u0161kole, kao klju\u010dni resurs za sve u\u010denike i nastavnike. Iako je biblioteka relativno nova i mlada, brzo je postala neizostavan dio obrazovnog procesa.<\/p>\t\t\t\t\t\t\t\t<\/div>\n\t\t\t\t<\/div>\n\t\t\t\t\t<\/div>\n\t\t<\/div>\n\t\t\t\t<div class=\"elementor-column elementor-col-50 elementor-top-column elementor-element elementor-element-1933d12\" data-id=\"1933d12\" data-element_type=\"column\" data-e-type=\"column\">\n\t\t\t<div class=\"elementor-widget-wrap elementor-element-populated\">\n\t\t\t\t\t\t<div class=\"elementor-element elementor-element-cc7fa0d elementor-position-top elementor-widget elementor-widget-image-box\" data-id=\"cc7fa0d\" data-element_type=\"widget\" data-e-type=\"widget\" data-widget_type=\"image-box.default\">\n\t\t\t\t<div class=\"elementor-widget-container\">\n\t\t\t\t\t<div class=\"elementor-image-box-wrapper\"><figure class=\"elementor-image-box-img\"><img fetchpriority=\"high\" decoding=\"async\" width=\"2048\" height=\"1365\" src=\"https:\/\/ossip.edu.ba\/wp-content\/uploads\/2025\/06\/biblioteka12.jpg\" class=\"attachment-full size-full wp-image-3742\" alt=\"\" srcset=\"https:\/\/ossip.edu.ba\/wp-content\/uploads\/2025\/06\/biblioteka12.jpg 2048w, https:\/\/ossip.edu.ba\/wp-content\/uploads\/2025\/06\/biblioteka12-300x200.jpg 300w, https:\/\/ossip.edu.ba\/wp-content\/uploads\/2025\/06\/biblioteka12-1024x683.jpg 1024w, https:\/\/ossip.edu.ba\/wp-content\/uploads\/2025\/06\/biblioteka12-768x512.jpg 768w, https:\/\/ossip.edu.ba\/wp-content\/uploads\/2025\/06\/biblioteka12-1536x1024.jpg 1536w\" sizes=\"(max-width: 2048px) 100vw, 2048px\" \/><\/figure><\/div>\t\t\t\t<\/div>\n\t\t\t\t<\/div>\n\t\t\t\t\t<\/div>\n\t\t<\/div>\n\t\t\t\t\t<\/div>\n\t\t<\/section>\n\t\t\t\t<section class=\"elementor-section elementor-top-section elementor-element elementor-element-5113817 elementor-section-boxed elementor-section-height-default elementor-section-height-default\" data-id=\"5113817\" data-element_type=\"section\" data-e-type=\"section\">\n\t\t\t\t\t\t<div class=\"elementor-container elementor-column-gap-default\">\n\t\t\t\t\t<div class=\"elementor-column elementor-col-100 elementor-top-column elementor-element elementor-element-a497e71\" data-id=\"a497e71\" data-element_type=\"column\" data-e-type=\"column\">\n\t\t\t<div class=\"elementor-widget-wrap elementor-element-populated\">\n\t\t\t\t\t\t<div class=\"elementor-element elementor-element-6fc7459 elementor-widget elementor-widget-heading\" data-id=\"6fc7459\" data-element_type=\"widget\" data-e-type=\"widget\" data-widget_type=\"heading.default\">\n\t\t\t\t<div class=\"elementor-widget-container\">\n\t\t\t\t\t<h2 class=\"elementor-heading-title elementor-size-default\">Pravila koristenja biblioteke<\/h2>\t\t\t\t<\/div>\n\t\t\t\t<\/div>\n\t\t\t\t\t<\/div>\n\t\t<\/div>\n\t\t\t\t\t<\/div>\n\t\t<\/section>\n\t\t\t\t<section class=\"elementor-section elementor-top-section elementor-element elementor-element-86c5289 elementor-section-boxed elementor-section-height-default elementor-section-height-default\" data-id=\"86c5289\" data-element_type=\"section\" data-e-type=\"section\">\n\t\t\t\t\t\t<div class=\"elementor-container elementor-column-gap-default\">\n\t\t\t\t\t<div class=\"elementor-column elementor-col-100 elementor-top-column elementor-element elementor-element-5e6e328\" data-id=\"5e6e328\" data-element_type=\"column\" data-e-type=\"column\">\n\t\t\t<div class=\"elementor-widget-wrap elementor-element-populated\">\n\t\t\t\t\t\t<div class=\"elementor-element elementor-element-54a86e0 elementor-tabs-view-horizontal elementor-widget elementor-widget-tabs\" data-id=\"54a86e0\" data-element_type=\"widget\" data-e-type=\"widget\" data-widget_type=\"tabs.default\">\n\t\t\t\t<div class=\"elementor-widget-container\">\n\t\t\t\t\t\t\t<div class=\"elementor-tabs\">\n\t\t\t<div class=\"elementor-tabs-wrapper\" role=\"tablist\" >\n\t\t\t\t\t\t\t\t\t<div id=\"elementor-tab-title-8871\" class=\"elementor-tab-title elementor-tab-desktop-title\" aria-selected=\"true\" data-tab=\"1\" role=\"tab\" tabindex=\"0\" aria-controls=\"elementor-tab-content-8871\" aria-expanded=\"false\">\u010clanstvo<\/div>\n\t\t\t\t\t\t\t\t\t<div id=\"elementor-tab-title-8872\" class=\"elementor-tab-title elementor-tab-desktop-title\" aria-selected=\"false\" data-tab=\"2\" role=\"tab\" tabindex=\"-1\" aria-controls=\"elementor-tab-content-8872\" aria-expanded=\"false\">Pozajmica knjiga<\/div>\n\t\t\t\t\t\t\t\t\t<div id=\"elementor-tab-title-8873\" class=\"elementor-tab-title elementor-tab-desktop-title\" aria-selected=\"false\" data-tab=\"3\" role=\"tab\" tabindex=\"-1\" aria-controls=\"elementor-tab-content-8873\" aria-expanded=\"false\">Biblioteka i \u010ditaonica<\/div>\n\t\t\t\t\t\t\t\t\t<div id=\"elementor-tab-title-8874\" class=\"elementor-tab-title elementor-tab-desktop-title\" aria-selected=\"false\" data-tab=\"4\" role=\"tab\" tabindex=\"-1\" aria-controls=\"elementor-tab-content-8874\" aria-expanded=\"false\">Odr\u017eavanje knjiga<\/div>\n\t\t\t\t\t\t\t\t\t<div id=\"elementor-tab-title-8875\" class=\"elementor-tab-title elementor-tab-desktop-title\" aria-selected=\"false\" data-tab=\"5\" role=\"tab\" tabindex=\"-1\" aria-controls=\"elementor-tab-content-8875\" aria-expanded=\"false\">Pomo\u0107 i konsultacije<\/div>\n\t\t\t\t\t\t\t<\/div>\n\t\t\t<div class=\"elementor-tabs-content-wrapper\" role=\"tablist\" aria-orientation=\"vertical\">\n\t\t\t\t\t\t\t\t\t<div class=\"elementor-tab-title elementor-tab-mobile-title\" aria-selected=\"true\" data-tab=\"1\" role=\"tab\" tabindex=\"0\" aria-controls=\"elementor-tab-content-8871\" aria-expanded=\"false\">\u010clanstvo<\/div>\n\t\t\t\t\t<div id=\"elementor-tab-content-8871\" class=\"elementor-tab-content elementor-clearfix\" data-tab=\"1\" role=\"tabpanel\" aria-labelledby=\"elementor-tab-title-8871\" tabindex=\"0\" hidden=\"false\"><ul><li><em>Svaki u\u010denik na\u0161e \u0161kole je \u010dlan biblioteke.<\/em><\/li><\/ul><\/div>\n\t\t\t\t\t\t\t\t\t<div class=\"elementor-tab-title elementor-tab-mobile-title\" aria-selected=\"false\" data-tab=\"2\" role=\"tab\" tabindex=\"-1\" aria-controls=\"elementor-tab-content-8872\" aria-expanded=\"false\">Pozajmica knjiga<\/div>\n\t\t\t\t\t<div id=\"elementor-tab-content-8872\" class=\"elementor-tab-content elementor-clearfix\" data-tab=\"2\" role=\"tabpanel\" aria-labelledby=\"elementor-tab-title-8872\" tabindex=\"0\" hidden=\"hidden\"><ul><li><em>U\u010denici istovremeno mogu posuditi <strong>dvije (2)<\/strong> knjige: jednu lektiru i jednu po vlastitom izboru.<\/em><\/li><li><em>Maksimalni broj dana zadu\u017eenja je <strong>petnaest (15)<\/strong> od dana posu\u0111ivanja. U\u010denik mo\u017ee do\u0107i i produ\u017eiti svoju rezervaciju.<\/em><\/li><li><em>Svi korisnici su odgovorni za vra\u0107anje knjiga na vrijeme.<\/em><\/li><li><em>Enciklopedije, rje\u010dnici, priru\u010dnici i rijetka gra\u0111a se ne smije iznositi van biblioteke te se smije koristiti isklju\u010divo u \u010ditaonici.<\/em><\/li><\/ul><\/div>\n\t\t\t\t\t\t\t\t\t<div class=\"elementor-tab-title elementor-tab-mobile-title\" aria-selected=\"false\" data-tab=\"3\" role=\"tab\" tabindex=\"-1\" aria-controls=\"elementor-tab-content-8873\" aria-expanded=\"false\">Biblioteka i \u010ditaonica<\/div>\n\t\t\t\t\t<div id=\"elementor-tab-content-8873\" class=\"elementor-tab-content elementor-clearfix\" data-tab=\"3\" role=\"tabpanel\" aria-labelledby=\"elementor-tab-title-8873\" tabindex=\"0\" hidden=\"hidden\"><ul><li><em>Biblioteka je tiho i mirno okru\u017eenje, idealno za rad, u\u010denje i istra\u017eivanje.<\/em><\/li><\/ul><\/div>\n\t\t\t\t\t\t\t\t\t<div class=\"elementor-tab-title elementor-tab-mobile-title\" aria-selected=\"false\" data-tab=\"4\" role=\"tab\" tabindex=\"-1\" aria-controls=\"elementor-tab-content-8874\" aria-expanded=\"false\">Odr\u017eavanje knjiga<\/div>\n\t\t\t\t\t<div id=\"elementor-tab-content-8874\" class=\"elementor-tab-content elementor-clearfix\" data-tab=\"4\" role=\"tabpanel\" aria-labelledby=\"elementor-tab-title-8874\" tabindex=\"0\" hidden=\"hidden\"><ul><li><em>Svaki korisnik je odgovoran za knjige koje posudi. Molimo vas da pa\u017eljivo koristite knjige i da ih ne o\u0161tetite.<\/em><\/li><li><em>Ukoliko se knjiga o\u0161teti ili izgubi, korisnik je du\u017ean da je zamijeni ili nadoknadi njen tro\u0161ak.<\/em><\/li><\/ul><\/div>\n\t\t\t\t\t\t\t\t\t<div class=\"elementor-tab-title elementor-tab-mobile-title\" aria-selected=\"false\" data-tab=\"5\" role=\"tab\" tabindex=\"-1\" aria-controls=\"elementor-tab-content-8875\" aria-expanded=\"false\">Pomo\u0107 i konsultacije<\/div>\n\t\t\t\t\t<div id=\"elementor-tab-content-8875\" class=\"elementor-tab-content elementor-clearfix\" data-tab=\"5\" role=\"tabpanel\" aria-labelledby=\"elementor-tab-title-8875\" tabindex=\"0\" hidden=\"hidden\"><ul><li><em>Bibliotekar je uvijek dostupan za pomo\u0107 pri odabiru knjiga, pronala\u017eenju izvora i kori\u0161tenju bibliote\u010dkih resursa. Ako imate bilo kakvih pitanja ili nedoumica, obratite se bibliotekarki na email ili direktno u biblioteci.<\/em><\/li><\/ul><\/div>\n\t\t\t\t\t\t\t<\/div>\n\t\t<\/div>\n\t\t\t\t\t\t<\/div>\n\t\t\t\t<\/div>\n\t\t\t\t\t<\/div>\n\t\t<\/div>\n\t\t\t\t\t<\/div>\n\t\t<\/section>\n\t\t\t\t<section class=\"elementor-section elementor-top-section elementor-element elementor-element-69e63c0 elementor-section-boxed elementor-section-height-default elementor-section-height-default\" data-id=\"69e63c0\" data-element_type=\"section\" data-e-type=\"section\">\n\t\t\t\t\t\t<div class=\"elementor-container elementor-column-gap-default\">\n\t\t\t\t\t<div class=\"elementor-column elementor-col-100 elementor-top-column elementor-element elementor-element-6b251f6\" data-id=\"6b251f6\" data-element_type=\"column\" data-e-type=\"column\">\n\t\t\t<div class=\"elementor-widget-wrap elementor-element-populated\">\n\t\t\t\t\t\t<div class=\"elementor-element elementor-element-c2fb319 elementor-widget elementor-widget-counter\" data-id=\"c2fb319\" data-element_type=\"widget\" data-e-type=\"widget\" data-widget_type=\"counter.default\">\n\t\t\t\t<div class=\"elementor-widget-container\">\n\t\t\t\t\t\t\t<div class=\"elementor-counter\">\n\t\t\t<div class=\"elementor-counter-title\"> Biblioteka trenutno broji vi\u0161e od 2196 naslova, uklju\u010duju\u0107i lektire i obaveznu stru\u010dnu literaturu, ud\u017ebenike, beletristiku i knjige za sve uzraste. Redovno obnavljamo  pro\u0161irujemo na\u0161u kolekciju kako bi smo zadovoljili sve obrazovne i interesne potrebe u\u010denika i nastavnog osoblja.<\/div>\t\t\t<div class=\"elementor-counter-number-wrapper\">\n\t\t\t\t<span class=\"elementor-counter-number-prefix\"><\/span>\n\t\t\t\t<span class=\"elementor-counter-number\" data-duration=\"3500\" data-to-value=\"2196\" data-from-value=\"0\" data-delimiter=\",\">0<\/span>\n\t\t\t\t<span class=\"elementor-counter-number-suffix\"><\/span>\n\t\t\t<\/div>\n\t\t<\/div>\n\t\t\t\t\t\t<\/div>\n\t\t\t\t<\/div>\n\t\t\t\t<div class=\"elementor-element elementor-element-b243dd3 elementor-widget-divider--view-line elementor-widget elementor-widget-divider\" data-id=\"b243dd3\" data-element_type=\"widget\" data-e-type=\"widget\" data-widget_type=\"divider.default\">\n\t\t\t\t<div class=\"elementor-widget-container\">\n\t\t\t\t\t\t\t<div class=\"elementor-divider\">\n\t\t\t<span class=\"elementor-divider-separator\">\n\t\t\t\t\t\t<\/span>\n\t\t<\/div>\n\t\t\t\t\t\t<\/div>\n\t\t\t\t<\/div>\n\t\t\t\t\t<\/div>\n\t\t<\/div>\n\t\t\t\t\t<\/div>\n\t\t<\/section>\n\t\t\t\t<section class=\"elementor-section elementor-top-section elementor-element elementor-element-df10104 elementor-section-boxed elementor-section-height-default elementor-section-height-default\" data-id=\"df10104\" data-element_type=\"section\" data-e-type=\"section\">\n\t\t\t\t\t\t<div class=\"elementor-container elementor-column-gap-default\">\n\t\t\t\t\t<div class=\"elementor-column elementor-col-100 elementor-top-column elementor-element elementor-element-3e4cfce\" data-id=\"3e4cfce\" data-element_type=\"column\" data-e-type=\"column\">\n\t\t\t<div class=\"elementor-widget-wrap elementor-element-populated\">\n\t\t\t\t\t\t<div class=\"elementor-element elementor-element-7986dac elementor-widget elementor-widget-heading\" data-id=\"7986dac\" data-element_type=\"widget\" data-e-type=\"widget\" data-widget_type=\"heading.default\">\n\t\t\t\t<div class=\"elementor-widget-container\">\n\t\t\t\t\t<h2 class=\"elementor-heading-title elementor-size-default\">Radno vrijeme biblioteke:<\/h2>\t\t\t\t<\/div>\n\t\t\t\t<\/div>\n\t\t\t\t\t<\/div>\n\t\t<\/div>\n\t\t\t\t\t<\/div>\n\t\t<\/section>\n\t\t\t\t<section class=\"elementor-section elementor-top-section elementor-element elementor-element-4066b91 elementor-section-boxed elementor-section-height-default elementor-section-height-default\" data-id=\"4066b91\" data-element_type=\"section\" data-e-type=\"section\">\n\t\t\t\t\t\t<div class=\"elementor-container elementor-column-gap-default\">\n\t\t\t\t\t<div class=\"elementor-column elementor-col-100 elementor-top-column elementor-element elementor-element-c16e5a5\" data-id=\"c16e5a5\" data-element_type=\"column\" data-e-type=\"column\">\n\t\t\t<div class=\"elementor-widget-wrap elementor-element-populated\">\n\t\t\t\t\t\t<div class=\"elementor-element elementor-element-13b242d elementor-widget elementor-widget-text-editor\" data-id=\"13b242d\" data-element_type=\"widget\" data-e-type=\"widget\" data-widget_type=\"text-editor.default\">\n\t\t\t\t<div class=\"elementor-widget-container\">\n\t\t\t\t\t\t\t\t\t<p>Ponedjeljak &#8211; Petak: 08:00 &#8211; 16:00 h<\/p>\t\t\t\t\t\t\t\t<\/div>\n\t\t\t\t<\/div>\n\t\t\t\t\t<\/div>\n\t\t<\/div>\n\t\t\t\t\t<\/div>\n\t\t<\/section>\n\t\t\t\t<section class=\"elementor-section elementor-top-section elementor-element elementor-element-0f5f3a2 elementor-section-boxed elementor-section-height-default elementor-section-height-default\" data-id=\"0f5f3a2\" data-element_type=\"section\" data-e-type=\"section\">\n\t\t\t\t\t\t<div class=\"elementor-container elementor-column-gap-default\">\n\t\t\t\t\t<div class=\"elementor-column elementor-col-100 elementor-top-column elementor-element elementor-element-023f75e\" data-id=\"023f75e\" data-element_type=\"column\" data-e-type=\"column\">\n\t\t\t<div class=\"elementor-widget-wrap elementor-element-populated\">\n\t\t\t\t\t\t<div class=\"elementor-element elementor-element-795a57e elementor-widget-divider--view-line elementor-widget elementor-widget-divider\" data-id=\"795a57e\" data-element_type=\"widget\" data-e-type=\"widget\" data-widget_type=\"divider.default\">\n\t\t\t\t<div class=\"elementor-widget-container\">\n\t\t\t\t\t\t\t<div class=\"elementor-divider\">\n\t\t\t<span class=\"elementor-divider-separator\">\n\t\t\t\t\t\t<\/span>\n\t\t<\/div>\n\t\t\t\t\t\t<\/div>\n\t\t\t\t<\/div>\n\t\t\t\t\t<\/div>\n\t\t<\/div>\n\t\t\t\t\t<\/div>\n\t\t<\/section>\n\t\t\t\t<section class=\"elementor-section elementor-top-section elementor-element elementor-element-9c60fdb elementor-section-boxed elementor-section-height-default elementor-section-height-default\" data-id=\"9c60fdb\" data-element_type=\"section\" data-e-type=\"section\">\n\t\t\t\t\t\t<div class=\"elementor-container elementor-column-gap-default\">\n\t\t\t\t\t<div class=\"elementor-column elementor-col-100 elementor-top-column elementor-element elementor-element-3d4044c\" data-id=\"3d4044c\" data-element_type=\"column\" data-e-type=\"column\">\n\t\t\t<div class=\"elementor-widget-wrap elementor-element-populated\">\n\t\t\t\t\t\t<div class=\"elementor-element elementor-element-6259a19 elementor-widget elementor-widget-heading\" data-id=\"6259a19\" data-element_type=\"widget\" data-e-type=\"widget\" data-widget_type=\"heading.default\">\n\t\t\t\t<div class=\"elementor-widget-container\">\n\t\t\t\t\t<h2 class=\"elementor-heading-title elementor-size-default\">Usluga \n\"Pitaj bibliotekara\"<\/h2>\t\t\t\t<\/div>\n\t\t\t\t<\/div>\n\t\t\t\t\t<\/div>\n\t\t<\/div>\n\t\t\t\t\t<\/div>\n\t\t<\/section>\n\t\t\t\t<section class=\"elementor-section elementor-top-section elementor-element elementor-element-ac449d8 elementor-section-boxed elementor-section-height-default elementor-section-height-default\" data-id=\"ac449d8\" data-element_type=\"section\" data-e-type=\"section\">\n\t\t\t\t\t\t<div class=\"elementor-container elementor-column-gap-default\">\n\t\t\t\t\t<div class=\"elementor-column elementor-col-100 elementor-top-column elementor-element elementor-element-5630b97\" data-id=\"5630b97\" data-element_type=\"column\" data-e-type=\"column\">\n\t\t\t<div class=\"elementor-widget-wrap elementor-element-populated\">\n\t\t\t\t\t\t<div class=\"elementor-element elementor-element-ba30876 elementor-alert-info elementor-widget elementor-widget-alert\" data-id=\"ba30876\" data-element_type=\"widget\" data-e-type=\"widget\" data-widget_type=\"alert.default\">\n\t\t\t\t<div class=\"elementor-widget-container\">\n\t\t\t\t\t\t\t<div class=\"elementor-alert\" role=\"alert\">\n\n\t\t\t\t\t\t<span class=\"elementor-alert-title\">Za sve dodatne informacije o na\u0161oj \u0161kolskoj biblioteci, organizovanim radionicama ili dostupnim knjigama, slobodno nas kontaktirajte putem e-maila: <\/span>\n\t\t\t\n\t\t\t\t\t\t<span class=\"elementor-alert-description\">biblioteka@ossip.edu.ba<\/span>\n\t\t\t\n\t\t\t\t\t\t<button type=\"button\" class=\"elementor-alert-dismiss\" aria-label=\"Dismiss this alert.\">\n\t\t\t\t<i aria-hidden=\"true\" class=\"far fa-envelope\"><\/i>\t\t\t<\/button>\n\t\t\t\n\t\t<\/div>\n\t\t\t\t\t\t<\/div>\n\t\t\t\t<\/div>\n\t\t\t\t\t<\/div>\n\t\t<\/div>\n\t\t\t\t\t<\/div>\n\t\t<\/section>\n\t\t\t\t<\/div>\n\t\t","protected":false},"excerpt":{"rendered":"<p>&#8220;Biblioteke su mostovi koji nas vode u nove svjetove.&#8221; Prema IFLA-i (International Federation of Library Associations and Instructions) \u0161kolska biblioteka je specijalizovana biblioteka koja podr\u017eava obrazovni proces, pru\u017eaju\u0107i u\u010denicima, nastavnicima i svim korisnicima pristup informacijama, resursima i literaturi potrebnoj za u\u010denje, istra\u017eivanje i razvoj vje\u0161tina. \u0160kolska biblioteka igra klju\u010dnu ulogu u podsticanju \u010ditala\u010dkih vje\u0161tina, intelektualne [&hellip;]<\/p>\n","protected":false},"author":1,"featured_media":0,"parent":0,"menu_order":0,"comment_status":"closed","ping_status":"closed","template":"","meta":{"footnotes":""},"class_list":["post-3442","page","type-page","status-publish","hentry"],"_links":{"self":[{"href":"https:\/\/ossip.edu.ba\/index.php?rest_route=\/wp\/v2\/pages\/3442","targetHints":{"allow":["GET"]}}],"collection":[{"href":"https:\/\/ossip.edu.ba\/index.php?rest_route=\/wp\/v2\/pages"}],"about":[{"href":"https:\/\/ossip.edu.ba\/index.php?rest_route=\/wp\/v2\/types\/page"}],"author":[{"embeddable":true,"href":"https:\/\/ossip.edu.ba\/index.php?rest_route=\/wp\/v2\/users\/1"}],"replies":[{"embeddable":true,"href":"https:\/\/ossip.edu.ba\/index.php?rest_route=%2Fwp%2Fv2%2Fcomments&post=3442"}],"version-history":[{"count":48,"href":"https:\/\/ossip.edu.ba\/index.php?rest_route=\/wp\/v2\/pages\/3442\/revisions"}],"predecessor-version":[{"id":3749,"href":"https:\/\/ossip.edu.ba\/index.php?rest_route=\/wp\/v2\/pages\/3442\/revisions\/3749"}],"wp:attachment":[{"href":"https:\/\/ossip.edu.ba\/index.php?rest_route=%2Fwp%2Fv2%2Fmedia&parent=3442"}],"curies":[{"name":"wp","href":"https:\/\/api.w.org\/{rel}","templated":true}]}}